{"id":16,"date":"2016-01-08T15:41:07","date_gmt":"2016-01-08T14:41:07","guid":{"rendered":"http:\/\/windual.com\/?page_id=16"},"modified":"2024-02-24T14:13:55","modified_gmt":"2024-02-24T13:13:55","slug":"produkte","status":"publish","type":"page","link":"https:\/\/windual.com\/","title":{"rendered":"Home"},"content":{"rendered":"<div id=\"pl-16\"  class=\"panel-layout\"><div id=\"pg-16-0\"  class=\"panel-grid panel-no-style\"><div id=\"pgc-16-0-0\"  class=\"panel-grid-cell\"><div id=\"panel-16-0-0-0\" class=\"so-panel widget widget_sow-editor panel-first-child panel-last-child\" data-index=\"0\"><div class=\"panel-widget-style panel-widget-style-for-16-0-0-0\"><div class=\"so-widget-sow-editor so-widget-sow-editor-base\">\n<div class=\"siteorigin-widget-tinymce textwidget\">\n\t<h2 style=\"text-align: center;\"><span style=\"color: #ff0000;\">Beratung<\/span><\/h2>\n<p style=\"text-align: center;\">Als freiberuflicher Ingenieur biete ich meine mehr als zehnj\u00e4hrige Erfahrung in der Branche f\u00fcr kleine Windkraftanlagen als herstellerunabh\u00e4ngiger Berater auf Honorarbasis an.<\/p>\n<p style=\"text-align: center;\">Die hier vorgestellten Windkraftanlagen sind Anlagen-Beispiele.<\/p>\n<p style=\"text-align: center;\"><strong>Bitte beachten!<br \/>\nWir bearbeiten nur Anfragen mit einem j\u00e4hrlichen Stromverbrauch von mindestens 50.000 kWh.<\/strong><span style=\"color: #ff0000;\"><br \/>\n<\/span><\/p>\n<\/div>\n<\/div><\/div><\/div><\/div><div id=\"pgc-16-0-1\"  class=\"panel-grid-cell\"><div id=\"panel-16-0-1-0\" class=\"so-panel widget widget_sow-editor panel-first-child panel-last-child\" data-index=\"1\"><div class=\"panel-widget-style panel-widget-style-for-16-0-1-0\"><div class=\"so-widget-sow-editor so-widget-sow-editor-base\">\n<div class=\"siteorigin-widget-tinymce textwidget\">\n\t<h3 style=\"text-align: center;\"><span style=\"color: #ff0000;\">Warnung vor <\/span><span style=\"color: #ff0000;\">unrealistischen Ertragsangaben!<\/span><\/h3>\n<p style=\"text-align: center;\"><span style=\"color: #ff0000;\">Nur zur Information:<\/span><br \/>\n<span style=\"color: #ff0000;\"><span style=\"color: #000000;\">Beispiel: Bei einer Windgeschwindigkeit von 5 m\/s und idealer freier, linearer Anstr\u00f6mung, wie auf dem Meer, ist theoretisch eine maximale Leistung von 45 Watt pro m\u00b2 \u00fcberstrichener Rotorfl\u00e4che m\u00f6glich!<\/span><br \/>\n<\/span>Beispiel: F\u00fcr eine Mini-Anlage mit z.B. Rotordurchmesser 1,0 m, entsprechend 0,785 m\u00b2 \u00fcberstrichene Rotorfl\u00e4che:<\/p>\n<p style=\"text-align: center;\">45 Watt\/m\u00b2 x 0,785 m\u00b2 = 35,34 Watt = 0,03534 kW<br \/>\nDaraus ergibt sich in\u00a0 8760 h pro Jahr (24h x 365 Tage)<br \/>\nein maximal m\u00f6glicher Jahresertrag von 310 kWh!<\/p>\n<p style=\"text-align: center;\">H\u00f6here spezifische Ertragsangaben pro Quadratmeter sind physikalisch unm\u00f6glich und unseri\u00f6s!<\/p>\n<p style=\"text-align: center;\"><span style=\"color: #000000;\">An Standorten mit Hindernissen oder auf D\u00e4chern betr\u00e4gt der Ertrag auf Grund von Turbulenzen nur Bruchteile davon,<br \/>\nmeistens weniger als 100 kWh pro m\u00b2 pro Jahr!<\/span><\/p>\n<h5 style=\"text-align: center;\"><span style=\"color: #000000;\">Weitere wichtige Hinweise, siehe rechte Spalte!<\/span><\/h5>\n<\/div>\n<\/div><\/div><\/div><\/div><\/div><div id=\"pg-16-1\"  class=\"panel-grid panel-has-style\"><div class=\"siteorigin-panels-stretch panel-row-style panel-row-style-for-16-1\" id=\"Headlines\" data-stretch-type=\"full\"><div id=\"pgc-16-1-0\"  class=\"panel-grid-cell\"><div class=\"1 panel-cell-style panel-cell-style-for-16-1-0\"><div id=\"panel-16-1-0-0\" class=\"so-panel widget widget_sow-editor panel-first-child panel-last-child\" data-index=\"2\"><div class=\"panel-widget-style panel-widget-style-for-16-1-0-0\"><div class=\"so-widget-sow-editor so-widget-sow-editor-base\">\n<div class=\"siteorigin-widget-tinymce textwidget\">\n\t<h3 class=\"western\" style=\"text-align: center;\"><span style=\"color: #0000ff;\">Eigenstromversorgung<\/span><\/h3>\n<p>Steigern Sie Ihre Unabh\u00e4ngigkeit und Ihren Beitrag zur \u00f6kologischen Energiewende.<\/p>\n<p>Eine kleine bis mittlere Windkraftanlage maximiert Ihre Eigenversorgung, vor allem auch im Winter! Sie haben bereits eine Photovoltaikanlage f\u00fcr Eigenverbrauch mit \u00dcberschusseinspeisung zu einem hohen Einspeisetarif?<br \/>\nDann ist eine Windkraftanlage in zweifacher Hinsicht eine ideale Erg\u00e4nzung:<br \/>\n1. Erh\u00f6hte \u00dcberschusseinspeisung und<br \/>\ndamit Verg\u00fctung durch die PV-Anlage.<br \/>\n2. H\u00f6here Autarkie im Winter &amp; Sommer.<\/p>\n<p>Gerne beraten wir Sie und erstellen individuelle L\u00f6sungen, auch in Verbindung mit Stromspeichern und Solaranlagen.<\/p>\n<p><a href=\"http:\/\/windual.com\/index.php\/windkraftanlagen\/\">Weiter<\/a><\/p>\n<\/div>\n<\/div><\/div><\/div><\/div><\/div><div id=\"pgc-16-1-1\"  class=\"panel-grid-cell\"><div class=\"1 panel-cell-style panel-cell-style-for-16-1-1\"><div id=\"panel-16-1-1-0\" class=\"so-panel widget widget_sow-editor panel-first-child panel-last-child\" data-index=\"3\"><div class=\"panel-widget-style panel-widget-style-for-16-1-1-0\"><div class=\"so-widget-sow-editor so-widget-sow-editor-base\">\n<div class=\"siteorigin-widget-tinymce textwidget\">\n\t<h3 style=\"text-align: center;\"><a href=\"http:\/\/windual.com\/index.php\/ueber-uns\/\"><span style=\"color: #0000ff;\">\u00dcber uns<\/span><\/a><\/h3>\n<p style=\"text-align: left;\"><span style=\"color: #000000;\">Seit 2008 bieten wir unseren <span style=\"color: #0000ff;\"><strong>Kunden ab einem Jahresverbrauch von 50.000 kWh L\u00f6sungen<\/strong> <\/span>zur Eigenstromversorgung mit kleinen bis mittleren Windkraftanlagen.<br \/>\n<\/span><\/p>\n<h5 style=\"text-align: center;\"><span style=\"color: #0000ff;\">Dienstleistungen<\/span><\/h5>\n<ul>\n<li style=\"text-align: left;\"><span style=\"color: #000000;\">Beratung und Studien<\/span><\/li>\n<li style=\"text-align: left;\"><span style=\"color: #000000;\">Wind - und Standortanalyse<\/span><\/li>\n<li><span style=\"color: #000000;\">Anlagenauswahl<br \/>\n<\/span><\/li>\n<\/ul>\n<h5 style=\"text-align: center;\"><span style=\"color: #0000ff;\">Referenzen<\/span><\/h5>\n<ul>\n<li><span style=\"color: #000000;\">Landwirtschaft<\/span><\/li>\n<li><span style=\"color: #000000;\">Wasser- und Energieversorger<\/span><\/li>\n<li><span style=\"color: #000000;\">Pferde-Gest\u00fcte<\/span><\/li>\n<li><span style=\"color: #000000;\">Industrie-, Gewerbebetriebe<\/span><\/li>\n<li><span style=\"color: #000000;\">Privat, Resth\u00f6fe u.a.<\/span><\/li>\n<\/ul>\n<p><a href=\"http:\/\/windual.com\/index.php\/ueber-uns\/\">Weiter<\/a><\/p>\n<\/div>\n<\/div><\/div><\/div><\/div><\/div><div id=\"pgc-16-1-2\"  class=\"panel-grid-cell\"><div class=\"1 panel-cell-style panel-cell-style-for-16-1-2\"><div id=\"panel-16-1-2-0\" class=\"so-panel widget widget_sow-editor panel-first-child panel-last-child\" data-index=\"4\"><div class=\"panel-widget-style panel-widget-style-for-16-1-2-0\"><div class=\"so-widget-sow-editor so-widget-sow-editor-base\">\n<div class=\"siteorigin-widget-tinymce textwidget\">\n\t<h3 style=\"text-align: center;\"><a href=\"http:\/\/windual.com\/index.php\/windkraftanlagen\/\"><span style=\"color: #0000ff;\">Windkraftanlagen<\/span><\/a><\/h3>\n<p>Breites Angebot an Anlagentypen: individuelle und optimale Auswahl hinsichtlich Ihres Bedarfs und Ihrer Standortbedingung<br \/>\n(z.B. f\u00fcr Schwachwind oder Starkwind, netzparallel oder -autark).<\/p>\n<p>Anlagen von etablierten Herstellern, mit zertifizierter, gepr\u00fcfter Leistungskurve.<\/p>\n<ul>\n<li>Kleine Windkraftanlagen mit<br \/>\n10 kW, 20 kW, 25 kW, 30 kW<\/li>\n<li>Mittlere Windenergieanlagen mit<br \/>\n50 kW, 60 kW, 100 kW, 250 kW<\/li>\n<li>Hybrid Systeme in Kombination mit<br \/>\nPhotovoltaik und Stromspeichern<\/li>\n<li>Netzparallel und netzautark<\/li>\n<\/ul>\n<p><a href=\"http:\/\/windual.com\/index.php\/windkraftanlagen\/\">Weiter<\/a><\/p>\n<p style=\"text-align: left;\">\n<\/p><\/div>\n<\/div><\/div><\/div><\/div><\/div><div id=\"pgc-16-1-3\"  class=\"panel-grid-cell\"><div class=\"1 panel-cell-style panel-cell-style-for-16-1-3\"><div id=\"panel-16-1-3-0\" class=\"so-panel widget widget_sow-editor panel-first-child panel-last-child\" data-index=\"5\"><div class=\"panel-widget-style panel-widget-style-for-16-1-3-0\"><div class=\"so-widget-sow-editor so-widget-sow-editor-base\">\n<div class=\"siteorigin-widget-tinymce textwidget\">\n\t<h5 style=\"text-align: center;\"><span style=\"color: #ff0000;\">Wie bei gro\u00dfen Windkraftanlagen empfehlen wir nur Windkraftanlagen mit einer zertifizierten Leistungskurve!<\/span><\/h5>\n<h5 style=\"text-align: center;\"><span style=\"color: #ff0000;\">Nur diese gew\u00e4hrleisten eine objektive Ertragsbeurteilung unter definierten Windbedingungen!<\/span><\/h5>\n<h5 style=\"text-align: center;\"><span style=\"color: #ff0000;\">Die Vermessung erfolgt durch herstellerunabh\u00e4ngige, akkreditierte Unternehmen!<\/span><\/h5>\n<\/div>\n<\/div><\/div><\/div><\/div><\/div><\/div><\/div><div id=\"pg-16-2\"  class=\"panel-grid panel-no-style\"><div id=\"pgc-16-2-0\"  class=\"panel-grid-cell\"><div id=\"panel-16-2-0-0\" class=\"so-panel widget widget_sow-editor panel-first-child panel-last-child\" data-index=\"6\"><div class=\"so-widget-sow-editor so-widget-sow-editor-base\">\n<div class=\"siteorigin-widget-tinymce textwidget\">\n\t<hr \/>\n<h3 style=\"text-align: center;\"><span style=\"color: #0000ff;\">Landwirtschaft \/ gewerbliche Betriebe<\/span><\/h3>\n<p>Anlagen f\u00fcr Betriebe mit einem Jahresverbrauch ab 40.000 kWh bis \u00fcber 200.000 kWh.\u00a0 In Abh\u00e4ngigkeit von Ihrem Standort empfehlen wir spezielle Windkraftanlagen f\u00fcr Schwachwind oder Starkwind. Wir haben die passende Systeml\u00f6sung f\u00fcr Ihren Bedarf und Ihren Standort. Bei gr\u00f6\u00dferen Schwankungen bieten wir zus\u00e4tzlich, optional zur Windkraftanlage einen Stromspeicher an. Damit l\u00e4sst sich der wirtschaftlichere Eigenverbrauchsanteil nochmals steigern. Falls Sie bereits eine Photovoltaikanlage f\u00fcr den Eigenverbrauch nutzen, kann diese in das System eingebunden werden.<\/p>\n<p><\/p><\/div><\/div><\/div><\/div><\/div><\/div><p><span class=\"more-wrapper\"><a class=\"more-link button\" href=\"https:\/\/windual.com\/\">Continue reading<\/a><\/span><\/p>","protected":false},"excerpt":{"rendered":"<p>Beratung Als freiberuflicher Ingenieur biete ich meine mehr als zehnj\u00e4hrige Erfahrung in der Branche f\u00fcr kleine Windkraftanlagen als herstellerunabh\u00e4ngiger Berater auf Honorarbasis an. Die hier vorgestellten Windkraftanlagen sind Anlagen-Beispiele. Bitte beachten! Wir bearbeiten nur Anfragen mit einem j\u00e4hrlichen Stromverbrauch von mindestens 50.000 kWh. Warnung vor unrealistischen Ertragsangaben! Nur zur Information: Beispiel: Bei einer Windgeschwindigkeit von&hellip;<\/p>\n","protected":false},"author":1,"featured_media":0,"parent":0,"menu_order":0,"comment_status":"closed","ping_status":"closed","template":"page-templates\/full-width-no-title.php","meta":[],"_links":{"self":[{"href":"https:\/\/windual.com\/index.php\/wp-json\/wp\/v2\/pages\/16"}],"collection":[{"href":"https:\/\/windual.com\/index.php\/wp-json\/wp\/v2\/pages"}],"about":[{"href":"https:\/\/windual.com\/index.php\/wp-json\/wp\/v2\/types\/page"}],"author":[{"embeddable":true,"href":"https:\/\/windual.com\/index.php\/wp-json\/wp\/v2\/users\/1"}],"replies":[{"embeddable":true,"href":"https:\/\/windual.com\/index.php\/wp-json\/wp\/v2\/comments?post=16"}],"version-history":[{"count":266,"href":"https:\/\/windual.com\/index.php\/wp-json\/wp\/v2\/pages\/16\/revisions"}],"predecessor-version":[{"id":3678,"href":"https:\/\/windual.com\/index.php\/wp-json\/wp\/v2\/pages\/16\/revisions\/3678"}],"wp:attachment":[{"href":"https:\/\/windual.com\/index.php\/wp-json\/wp\/v2\/media?parent=16"}],"curies":[{"name":"wp","href":"https:\/\/api.w.org\/{rel}","templated":true}]}}