{"id":177,"date":"2018-01-24T15:35:44","date_gmt":"2018-01-24T14:35:44","guid":{"rendered":"http:\/\/windual.com\/?page_id=177"},"modified":"2024-01-01T16:59:04","modified_gmt":"2024-01-01T15:59:04","slug":"40-130-000-kwh","status":"publish","type":"page","link":"https:\/\/windual.com\/index.php\/windkraftanlagen\/40-130-000-kwh\/","title":{"rendered":"Ab einem Jahresverbrauch von 60.000 kWh"},"content":{"rendered":"<div id=\"pl-177\"  class=\"panel-layout\" ><div id=\"pg-177-0\"  class=\"panel-grid panel-no-style\" ><div id=\"pgc-177-0-0\"  class=\"panel-grid-cell panel-grid-cell-mobile-last\" ><div id=\"panel-177-0-0-0\" class=\"so-panel widget widget_sow-editor panel-first-child panel-last-child\" data-index=\"0\" ><div class=\"so-widget-sow-editor so-widget-sow-editor-base\">\n<div class=\"siteorigin-widget-tinymce textwidget\">\n\t<h3><strong>H\u00f6here Wirtschaftlichkeit durch g\u00fcnstigeres Preis-Ertrag-Verh\u00e4ltnis.<\/strong><\/h3>\n<h5>Nutzen Sie den maximalen Jahresertrag und die niedrigsten Stromgestehungskosten an Ihrem Standort.<\/h5>\n<h4><span style=\"color: #0000ff;\">1. <\/span><span style=\"color: #0000ff;\">Windkraftanlage mit 20 kW - 30 kW<br \/>\nBereits mehr als 800 Anlagen in Betrieb!<br \/>\n<\/span><\/h4>\n<p>Mit Rotordurchmesser 15,9 m, \u00fcberstrichener Rotorfl\u00e4che 200 m\u00b2,<br \/>\nentsprechend der maximalen Rotorgr\u00f6\u00dfe f\u00fcr kleine Windkraftanlage.<br \/>\nJahresertrag der 25 kW Anlage (zertifiziert): bei 5,0 m\/s: 72.600 kWh, bei 6,0 m\/s: 98.100 kWh<\/p>\n<p>Im Vergleich dazu hat eine 30 kW Windkraftanlage mit nur 13,1 m Rotordurchmesser (ca. 135 m\u00b2) bei 5,0 m\/s nur einen Jahresertrag von ca. 50.000 kWh *.<\/p>\n<p>Stahlrohrmasten mit Nabenh\u00f6he 22 m: Gesamth\u00f6he 30 m mit kleinem Rotor.<br \/>\nWeitere Nabenh\u00f6hen: 18 m, 36 m.<\/p>\n<p><strong>Hauptmerkmale<\/strong><\/p>\n<ul>\n<li>Nennleistung bereits ab ca. 8 m\/s<\/li>\n<li>Hoher Jahresertrag auch bei niedriger Windgeschwindigkeit, teilweise h\u00f6her als von 50 kW Anlagen!<\/li>\n<li>Sturmsicherung durch Rotorblatt-Tip-Brake<\/li>\n<li>Zwei unabh\u00e4ngige Bremssysteme:<br \/>\n- aerodynamische Rotorblatt-Tip-Brake<br \/>\n- mechanische Bremse<\/li>\n<li>Generator aus Gro\u00dfserienproduktion. Im Vergleich zu Anlagen mit Direktantrieb:<br \/>\nLangfristige und g\u00fcnstige Verf\u00fcgbarkeit, einfacher Austausch ohne kompletter Demontage<\/li>\n<li>Getriebe aus Gro\u00dfserie<\/li>\n<li>Separate Lagerung<\/li>\n<li>Router zur Fern\u00fcberwachung<\/li>\n<\/ul>\n<h4><span style=\"color: #0000ff;\"><img decoding=\"async\" loading=\"lazy\" src=\"http:\/\/windkraft-anlagen.com\/images\/border.jpg\" width=\"600\" height=\"1\" align=\"middle\" \/><\/span><\/h4>\n<h4><span style=\"color: #0000ff;\">2. Windkraftanlage 30K mit 30 kW<\/span><\/h4>\n<p><b>mit zwei verschiedenen Rotorgr\u00f6\u00dfen f\u00fcr verschiedene Wind- und Standortbedingungen!<\/b><\/p>\n<p>1. <strong>F\u00fcr alle Gebiete:<\/strong> Mit Rotordurchmesser 15,9 m, \u00fcberstrichener Rotorfl\u00e4che 200<b> <\/b>m\u00b2,<br \/>\nentsprechend der maximalen Rotorgr\u00f6\u00dfe f\u00fcr kleine Windkraftanlage.<br \/>\nJahresertrag: Vorl\u00e4ufige Prognosen: (Ergebnisse der Zertifizierung im Laufe des 1. HJ 2018)<b>:<\/b><br \/>\nbei 5 m\/s: 80.000 kWh, bei 6 m\/s: 103.000 kWh<\/p>\n<p>2. <strong>F\u00fcr Schwachwindgebiete:<\/strong> Mit Rotordurchmesser 19,0 m, \u00fcberstrichener Rotorfl\u00e4che 283 m\u00b2.<br \/>\nJahresertrag: Vorl\u00e4ufige Prognosen (Ergebnisse der Zertifizierung im Laufe des 2. HJ 2018)<b>:<\/b><br \/>\nbei 5 m\/s: ca. 100.000 kWh, bei 6 m\/s: 130.000 kWh<\/p>\n<p><b>Hauptmerkmale:<\/b><\/p>\n<ul>\n<li>Direktantrieb<\/li>\n<li>Hohe Sturmsicherheit durch aktive Rotorblattverstellung (Pitch)<\/li>\n<li>Zweites Bremssystem mit Scheibenbremse<\/li>\n<li>Entwickelt und gefertigt in Deutschland,<br \/>\ndurch ehemalige, leitende Mitarbeiter eines Herstellers von Gro\u00dfwindanlagen.<\/li>\n<\/ul>\n<p>Stahlrohrmasten mit Nabenh\u00f6he 22 m: Gesamth\u00f6he 30 m mit kleinem Rotor,<br \/>\nWeitere Masten f\u00fcr Nabenh\u00f6hen 33,5 m und 42 m.<\/p>\n<p><b><a href=\"http:\/\/windual.com\/index.php\/kontakt\/\"> Anfrage<\/a><br \/>\n<\/b><\/p>\n<p>* Alle Ertragsangaben gem\u00e4\u00df Windbedingungen der Zertifzierungsnorm. Herstellerangaben. Ohne Gew\u00e4hr.<\/p>\n<\/div>\n<\/div><\/div><\/div><div id=\"pgc-177-0-1\"  class=\"panel-grid-cell panel-grid-cell-empty\" ><\/div><\/div><\/div>","protected":false},"excerpt":{"rendered":"<p>H\u00f6here Wirtschaftlichkeit durch g\u00fcnstigeres Preis-Ertrag-Verh\u00e4ltnis. Nutzen Sie den maximalen Jahresertrag und die niedrigsten Stromgestehungskosten an Ihrem Standort. 1. Windkraftanlage mit 20 kW &#8211; 30 kW Bereits mehr als 800 Anlagen in Betrieb! Mit Rotordurchmesser 15,9 m, \u00fcberstrichener Rotorfl\u00e4che 200 m\u00b2, entsprechend der maximalen Rotorgr\u00f6\u00dfe f\u00fcr kleine Windkraftanlage. Jahresertrag der 25 kW Anlage (zertifiziert): bei 5,0&hellip;<\/p>\n","protected":false},"author":1,"featured_media":0,"parent":99,"menu_order":3,"comment_status":"closed","ping_status":"closed","template":"","meta":[],"_links":{"self":[{"href":"https:\/\/windual.com\/index.php\/wp-json\/wp\/v2\/pages\/177"}],"collection":[{"href":"https:\/\/windual.com\/index.php\/wp-json\/wp\/v2\/pages"}],"about":[{"href":"https:\/\/windual.com\/index.php\/wp-json\/wp\/v2\/types\/page"}],"author":[{"embeddable":true,"href":"https:\/\/windual.com\/index.php\/wp-json\/wp\/v2\/users\/1"}],"replies":[{"embeddable":true,"href":"https:\/\/windual.com\/index.php\/wp-json\/wp\/v2\/comments?post=177"}],"version-history":[{"count":36,"href":"https:\/\/windual.com\/index.php\/wp-json\/wp\/v2\/pages\/177\/revisions"}],"predecessor-version":[{"id":3657,"href":"https:\/\/windual.com\/index.php\/wp-json\/wp\/v2\/pages\/177\/revisions\/3657"}],"up":[{"embeddable":true,"href":"https:\/\/windual.com\/index.php\/wp-json\/wp\/v2\/pages\/99"}],"wp:attachment":[{"href":"https:\/\/windual.com\/index.php\/wp-json\/wp\/v2\/media?parent=177"}],"curies":[{"name":"wp","href":"https:\/\/api.w.org\/{rel}","templated":true}]}}