{"id":184,"date":"2018-01-24T16:43:40","date_gmt":"2018-01-24T15:43:40","guid":{"rendered":"http:\/\/windual.com\/?page_id=184"},"modified":"2018-02-08T13:43:58","modified_gmt":"2018-02-08T12:43:58","slug":"planung","status":"publish","type":"page","link":"https:\/\/windual.com\/index.php\/windkraftanlagen\/planung\/","title":{"rendered":"Planung"},"content":{"rendered":"<div id=\"pl-184\"  class=\"panel-layout\" ><div id=\"pg-184-0\"  class=\"panel-grid panel-no-style\" ><div id=\"pgc-184-0-0\"  class=\"panel-grid-cell\" ><div id=\"panel-184-0-0-0\" class=\"so-panel widget widget_sow-editor panel-first-child panel-last-child\" data-index=\"0\" ><div class=\"so-widget-sow-editor so-widget-sow-editor-base\"><h3 class=\"widget-title\">Windkraftanlage Planung Genehmigung Errichtung Service<\/h3>\n<div class=\"siteorigin-widget-tinymce textwidget\">\n\t<p>Nachfolgend stehen alle wichtigen Schritte f\u00fcr die Planung einer Windkraftanlage.<br \/>Bauen Sie auf unsere jahrelange Erfahrung mit verschiedensten Anwendungen, Standorten und Genehmigungen.<br \/>Wir begleiten Sie in allen Phasen und bieten Ihnen einzelne Positionen bis zur kompletten Planung inklusive Genehmigung an.<\/p>\n<p><strong>Phase 1: Pr\u00fcfung, Wirtschaftlichkeitsberechnung und Angebot<\/strong><\/p>\n<ol>\n<li>Standort- und Bedarfsanalyse<br \/>Zusammen mit Ihnen erfassen wir die erforderlichen Daten f\u00fcr Ihre Anwendung und diskutieren verschiedene Optionen, u.a. Stromspeicher zur Erh\u00f6hung des Eigenverbrauchanteils.<\/li>\n<li>Erste Wirtschaftlichkeitsberechnung mittels gesch\u00e4tzter Winddaten.<\/li>\n<li>Kl\u00e4rung der Genehmigungsf\u00e4higkeit, z.B. Privilegierung im Au\u00dfenbereich und teilweise auch in Gewerbe- und Mischgebieten.<\/li>\n<li>Wind- und Ertragsanalyse<br \/>Hierzu werden, au\u00dfer einer ersten Fernabsch\u00e4tzung, weitere Methoden zur Bestimmung des \u00f6rtlichen Windenergie-Potentials angewendet: <br \/>- Wind- und Ertragsprognose f\u00fcr mindestens einen Anlagentyp. Diese Prognose wird von einem unabh\u00e4ngigen, akkreditierten Ingenieurb\u00fcro erstellt. <br \/>\u00a0 Kosten hierf\u00fcr: ab 350 \u20ac, erweitert 490 \u20ac zzgl. MwSt. Bei anschlie\u00dfendem Kauf einer Windkraftanlage bei uns, werden hiervon 150 \u20ac gutgeschrieben.<br \/>- Windmessung: In Bodenn\u00e4he herrscht gr\u00f6\u00dfere Bodenrauhigkeit und dadurch st\u00e4rkere Turbulenzen. Je nach Standortbedingungen sind diese sehr entscheidend f\u00fcr den Ertrag. Daher empfehlen wir zus\u00e4tzlich bei Standorten mit relevanten Hindernissen die Windmessung. Je nach Standort, Anlagengr\u00f6\u00dfe und H\u00f6he bieten wir Windmesssysteme von 15 m bis 30 m an.<\/li>\n<li>Zweite genauere Wirtschaftlichkeitsberechnung.<\/li>\n<li>Netzanschluss: Die Anlage wird an Ihr Haus- bzw. Betriebsnetz angeschlossen und der \u00dcberschuss f\u00fcr ca. 8 Cent \/ kWh ins Netz eingespeist.<br \/>Hierzu ben\u00f6tigt man f\u00fcr die Anbindung die Zusage des \u00f6rtlichen Netzbetreibers. Wir stellen die erforderlichen Unterlagen.<\/li>\n<li>Kaufentscheidung. Vorvertrag,\u00a0 vorbehaltlich der Erteilung einer Baugenehmigung.<\/li>\n<li>Baugenehmigung<br \/>Wir stellen die erforderlichen Unterlagen f\u00fcr die Baugenehmigung und \u00fcbernehmen f\u00fcr Sie die Bearbeitung.<br \/>Im Au\u00dfenbereich und teilweise auch in Gewerbegebieten ist die privilegierte, vereinfachte Genehmigung m\u00f6glich. <br \/>Hierf\u00fcr ist zu belegen, dass mindestens 50 % des prognostizierten Jahresertrags selbst verbraucht wird.<br \/>Die anteiligen Kosten f\u00fcr Beschreibung, Architekt, Statik, Bodengutachten werden in dieser Phase abgerechnet.<\/li>\n<li>Sobald die Baugenehmigung erteilt wurde, erfolgt die verbindliche Bestellung der Windkraftanlage.<\/li>\n<\/ol>\n<p><strong>Phase 2: Lieferung und Errichtung der Windenergieanlage<\/strong><\/p>\n<ol>\n<li>Fundamenterrichtung<\/li>\n<li>Vorbereitung der Kabelverbindung und des Anschlusses, optional mit Stromspeicher<\/li>\n<li>Anlieferung der Anlage<\/li>\n<li>Montage, Anschluss, Inbetriebnahme<\/li>\n<li>Abnahme, Anmeldung bei der Bundesnetzagentur<\/li>\n<li>Beginn der Garantielaufzeit<\/li>\n<\/ol>\n<p><strong>Phase 3: Betrieb: Wartung und Service<\/strong><\/p>\n<ol>\n<li>Fern\u00fcberwachung, Condition Monitoring.<\/li>\n<li>Wartung gem\u00e4\u00df Herstellervorgaben und Wartungsvertrag<\/li>\n<\/ol>\n<p><a href=\"http:\/\/windual.com\/index.php\/kontakt\/\">Gerne stehen wir Ihnen f\u00fcr weitere Erkl\u00e4rungen und Informationen zur Verf\u00fcgung.<\/a><\/p>\n<\/div>\n<\/div><\/div><\/div><\/div><\/div>","protected":false},"excerpt":{"rendered":"<p>Nachfolgend stehen alle wichtigen Schritte f\u00fcr die Planung einer Windkraftanlage.Bauen Sie auf unsere jahrelange Erfahrung mit verschiedensten Anwendungen, Standorten und Genehmigungen.Wir begleiten Sie in allen Phasen und bieten Ihnen einzelne Positionen bis zur kompletten Planung inklusive Genehmigung an. Phase 1: Pr\u00fcfung, Wirtschaftlichkeitsberechnung und Angebot Standort- und BedarfsanalyseZusammen mit Ihnen erfassen wir die erforderlichen Daten f\u00fcr&hellip;<\/p>\n","protected":false},"author":1,"featured_media":0,"parent":99,"menu_order":1,"comment_status":"closed","ping_status":"closed","template":"","meta":[],"_links":{"self":[{"href":"https:\/\/windual.com\/index.php\/wp-json\/wp\/v2\/pages\/184"}],"collection":[{"href":"https:\/\/windual.com\/index.php\/wp-json\/wp\/v2\/pages"}],"about":[{"href":"https:\/\/windual.com\/index.php\/wp-json\/wp\/v2\/types\/page"}],"author":[{"embeddable":true,"href":"https:\/\/windual.com\/index.php\/wp-json\/wp\/v2\/users\/1"}],"replies":[{"embeddable":true,"href":"https:\/\/windual.com\/index.php\/wp-json\/wp\/v2\/comments?post=184"}],"version-history":[{"count":16,"href":"https:\/\/windual.com\/index.php\/wp-json\/wp\/v2\/pages\/184\/revisions"}],"predecessor-version":[{"id":579,"href":"https:\/\/windual.com\/index.php\/wp-json\/wp\/v2\/pages\/184\/revisions\/579"}],"up":[{"embeddable":true,"href":"https:\/\/windual.com\/index.php\/wp-json\/wp\/v2\/pages\/99"}],"wp:attachment":[{"href":"https:\/\/windual.com\/index.php\/wp-json\/wp\/v2\/media?parent=184"}],"curies":[{"name":"wp","href":"https:\/\/api.w.org\/{rel}","templated":true}]}}