{"id":244,"date":"2018-01-29T13:06:17","date_gmt":"2018-01-29T12:06:17","guid":{"rendered":"http:\/\/windual.com\/?page_id=244"},"modified":"2022-01-04T21:56:33","modified_gmt":"2022-01-04T20:56:33","slug":"datenschutz-impressum","status":"publish","type":"page","link":"https:\/\/windual.com\/index.php\/kontakt\/datenschutz-impressum\/","title":{"rendered":"Datenschutz-Impressum"},"content":{"rendered":"<table width=\"1000\" cellspacing=\"0\" cellpadding=\"0\">\n<tbody>\n<tr>\n<td valign=\"top\" width=\"250\"><strong>IMPRESSUM<\/strong><br \/>\nRolf Weiss<br \/>\nSilberhecke 45a<br \/>\n44265 Dortmund \/ Germany<br \/>\nInhaber Rolf Wei\u00df<br \/>\nUmsatzsteuer ID: DE288273141<\/p>\n<p>Verantwortlich<br \/>\ngem\u00e4\u00df \u00a7 5 TMG und DSGVO:<br \/>\nRolf Weiss<br \/>\nwww.windual.com<br \/>\ninfo@windual.com<\/td>\n<td width=\"550\"><b>winDual\u00ae ist eingetragener Markenname<\/b><\/td>\n<\/tr>\n<tr>\n<td colspan=\"2\" valign=\"top\" width=\"800\">\n<h2><strong><b>Datenschutzerkl\u00e4rung<\/b><\/strong><\/h2>\n<p>Wir erheben, verwenden und speichern Ihre personenbezogenen Daten ausschlie\u00dflich im Rahmen der Bestimmungen des Bundesdatenschutzgesetzes der Bundesrepublik Deutschland. Nachfolgend unterrichten wir Sie \u00fcber Art, Umfang und Zweck der Datenerhebung und Verwendung. <strong><br \/>\n<\/strong><br \/>\n<strong><b>Erhebung<\/b><\/strong> <strong><b>und Verarbeitung von Daten<\/b><\/strong><br \/>\nJeder Zugriff auf unsere Internetseite und jeder Abruf einer auf dieser Website hinterlegten Datei werden von uns bzw. unserem in Deutschland ans\u00e4ssigen Hostingpartner mittels Logfiles protokolliert.<br \/>\nDie Speicherung dient internen systembezogenen und statistischen Zwecken. Protokolliert werden: Name der abgerufenen Datei, Datum und Uhrzeit des Abrufs, \u00fcbertragene Datenmenge, Meldung \u00fcber erfolgreichen Abruf, Webbrowser und anfragende Domain. Zus\u00e4tzlich werden die IP Adressen der anfragenden Rechner protokolliert. Weitergehende personenbezogene Daten werden nur erfasst, wenn der Nutzer der Website und\/oder Kunde Angaben freiwillig, etwa im Rahmen einer Anfrage oder Registrierung oder zum Abschluss eines Vertrages oder \u00fcber die Einstellungen seines Browsers t\u00e4tigt.<br \/>\nUnsere Internetseite verwendet Cookies. Ein Cookie ist eine Textdatei, die beim Besuch einer Internetseite verschickt und auf der Festplatte des Nutzer der Website und\/oder Kunden zwischengespeichert wird. Wird der entsprechende Server unserer Webseite erneut vom Nutzer der Website und\/oder Kunden aufgerufen, sendet der Browser des Nutzers der Website und\/oder des Kunden den zuvor empfangenen Cookie wieder zur\u00fcck an den Server. Der Server kann dann die durch diese Prozedur erhaltenen Informationen auf verschiedene Arten auswerten. Durch Cookies k\u00f6nnen z. B. Werbeeinblendungen gesteuert oder das Navigieren auf einer Internetseite erleichtert werden. Wenn der Nutzer der Website und\/oder Kunde die Nutzung von Cookies unterbinden will, kann er dies durch lokale Vornahme der \u00c4nderungen seiner Einstellungen in dem auf seinem Computer verwendeten Internetbrowser, also dem Programm zum \u00d6ffnen und Anzeigen von Internetseiten (z.B. Internet Explorer, Mozilla Firefox, Opera oder Safari) tun.<\/p>\n<p><strong><b>Nutzung und Weitergabe personenbezogener Daten<\/b><\/strong><br \/>\nSoweit der Nutzer unserer Webseite personenbezogene Daten zur Verf\u00fcgung gestellt hat, verwenden wir diese nur zur Beantwortung von Anfragen des Nutzers der Website und\/oder Kunden, zur Abwicklung mit dem Nutzer der Website und\/oder Kunden geschlossener Vertr\u00e4ge und f\u00fcr die technische und kommerzielle Administration. Personenbezogene Daten werden von uns an Dritte nur weitergegeben oder sonst \u00fcbermittelt, wenn dies zum Zwecke der Angebotserstellung, Projektierung, Vertragsabwicklung oder zu Abrechnungszwecken erforderlich ist oder der Nutzer der Website und\/oder Kunde zuvor eingewilligt hat. Der Nutzer der Website und\/oder Kunde hat das Recht, eine erteilte Einwilligung mit Wirkung f\u00fcr die Zukunft jederzeit zu widerrufen.<\/p>\n<p><strong>Newsletter<br \/>\n<\/strong>Mit der Anmeldung zum Newsletter im Kontaktformular oder anderweitiger Anforderung erkl\u00e4ren Sie sich mit dem Empfang und der Verarbeitung der Daten einverstanden.<br \/>\nWir versenden Newsletter ausschlie\u00dflich zur Information \u00fcber \u00c4nderungen und Neuigkeiten und zu Werbezwecken.<br \/>\nSie k\u00f6nnen Ihre Anmeldung zum Newsletter jederzeit in schriftlicher Form per E-Mail widerrufen.<\/p>\n<p><strong>L\u00f6schung<\/strong><br \/>\nDie L\u00f6schung der gespeicherten personenbezogenen Daten und der Daten betreffend der Anmeldung zum Newsletter erfolgt, wenn der Nutzer der Website und\/oder Kunde die Einwilligung zur Speicherung widerruft, wenn ihre Kenntnis zur Erf\u00fcllung des mit der Speicherung verfolgten Zwecks nicht mehr erforderlich ist oder wenn ihre Speicherung aus sonstigen gesetzlichen Gr\u00fcnden unzul\u00e4ssig ist. Daten f\u00fcr Abrechnungszwecke und buchhalterische Zwecke werden von einem L\u00f6schungsverlangen nicht ber\u00fchrt.<\/p>\n<p><strong>Einbindung, Verwendung und Links zu und von externen Diensten<\/strong><br \/>\nAuf dieser Website werden Links und Dienste von Drittanbietern verwendet.<br \/>\nDies sind f\u00fcr Videos Youtube, f\u00fcr Karten GoogleMaps und f\u00fcr Statistiken GoogleAnalytics.<br \/>\nZur Nutzung dieser Dienste ist eine \u00dcbertragung der IP-Adresse des Nutzers erforderlich.<br \/>\nTrotz Bem\u00fchung, dass die Daten nur zur \u00dcbertragung der Inhalte verwendet werden, k\u00f6nnen wir nicht ausschlie\u00dfen, dass die Daten f\u00fcr die weitergehende Verwendung durch den externen Anbieter verwendet werden.<br \/>\nwinDual erh\u00e4lt keinerlei Kenntnis vom Inhalt der durch Drittanbieter erhobenen Daten und hat keinen Einfluss auf deren Verwendung. Weitergehende Informationen zur Erhebung und Verwendung finden Sie in den Datenschutzrichtlinien der Drittanbieter.<\/p>\n<p><strong><b>Auskunftsrecht<\/b><\/strong><br \/>\nAuf schriftliche Anfrage informieren wir den Nutzer der Website und\/oder den Kunden \u00fcber die zu seiner Person gespeicherten Daten. Die Anfrage ist an unsere im Impressum der Webseite angegebene Adresse zu richten.<\/p>\n<p>1. Inhalt des Onlineangebotes<\/p>\n<p>Der Autor \u00fcbernimmt keinerlei Gew\u00e4hr f\u00fcr die Aktualit\u00e4t, Korrektheit oder Vollst\u00e4ndigkeit der bereitgestellten Informationen. Haftungsanspr\u00fcche gegen den Autor, welche sich auf Sch\u00e4den materieller oder ideeller Art beziehen, die durch die Nutzung oder Nichtnutzung der dargebotenen Informationen bzw. durch die Nutzung fehlerhafter und unvollst\u00e4ndiger Informationen verursacht wurden, sind grunds\u00e4tzlich ausgeschlossen, sofern seitens des Autors kein nachweislich vors\u00e4tzliches oder grob fahrl\u00e4ssiges Verschulden vorliegt. Alle Angebote sind freibleibend und unverbindlich. Der Autor beh\u00e4lt es sich ausdr\u00fccklich vor, Teile der Seiten oder das gesamte Angebot ohne gesonderte Ank\u00fcndigung zu ver\u00e4ndern, zu erg\u00e4nzen, zu l\u00f6schen oder die Ver\u00f6ffentlichung zeitweise oder endg\u00fcltig einzustellen.<\/p>\n<p>2. Verweise und Links<\/p>\n<p>Bei direkten oder indirekten Verweisen auf fremde Internetseiten (&#8222;Links&#8220;), die au\u00dferhalb des Verantwortungsbereiches des Autors liegen, w\u00fcrde eine Haftungsverpflichtung ausschlie\u00dflich in dem Fall in Kraft treten, in dem der Autor von den Inhalten Kenntnis hat und es ihm technisch m\u00f6glich und zumutbar w\u00e4re, die Nutzung im Falle rechtswidriger Inhalte zu verhindern.<\/p>\n<p>Der Autor erkl\u00e4rt hiermit ausdr\u00fccklich, dass zum Zeitpunkt der Linksetzung keine illegalen Inhalte auf den zu verlinkenden Seiten erkennbar waren. Auf die aktuelle und zuk\u00fcnftige Gestaltung, die Inhalte oder die Urheberschaft der gelinkten\/verkn\u00fcpften Seiten hat der Autor keinerlei Einfluss. Deshalb distanziert er sich hiermit ausdr\u00fccklich von allen Inhalten aller gelinkten \/verkn\u00fcpften Seiten, die nach der Linksetzung ver\u00e4ndert wurden. Diese Feststellung gilt f\u00fcr alle innerhalb des eigenen Internetangebotes gesetzten Links und Verweise sowie f\u00fcr Fremdeintr\u00e4ge in vom Autor eingerichteten G\u00e4steb\u00fcchern, Diskussionsforen und Mailinglisten. F\u00fcr illegale, fehlerhafte oder unvollst\u00e4ndige Inhalte und insbesondere f\u00fcr Sch\u00e4den, die aus der Nutzung oder Nichtnutzung solcherart dargebotener Informationen entstehen, haftet allein der Anbieter der Seite, auf welche verwiesen wurde, nicht derjenige, der \u00fcber Links auf die jeweilige Ver\u00f6ffentlichung lediglich verweist.<\/p>\n<p>3. Urheber- und Kennzeichenrecht<\/p>\n<p>Der Autor ist bestrebt, in allen Publikationen die Urheberrechte der verwendeten Grafiken, Tondokumente, Videosequenzen und Texte zu beachten, von ihm selbst erstellte Grafiken, Tondokumente, Videosequenzen und Texte zu nutzen oder auf lizenzfreie Grafiken, Tondokumente, Videosequenzen und Texte zur\u00fcckzugreifen.<\/p>\n<p>Alle innerhalb des Internetangebotes genannten und ggf. durch Dritte gesch\u00fctzten Marken- und Warenzeichen unterliegen uneingeschr\u00e4nkt den Bestimmungen des jeweils g\u00fcltigen Kennzeichenrechts und den Besitzrechten der jeweiligen eingetragenen Eigent\u00fcmer. Allein aufgrund der blo\u00dfen Nennung ist nicht der Schlu\u00df zu ziehen, dass Markenzeichen nicht durch Rechte Dritter gesch\u00fctzt sind!<\/p>\n<p>Das Copyright f\u00fcr ver\u00f6ffentlichte, vom Autor selbst erstellte Objekte bleibt allein beim Autor der Seiten. Eine Vervielf\u00e4ltigung oder Verwendung solcher Grafiken, Tondokumente, Videosequenzen und Texte in anderen elektronischen oder gedruckten Publikationen ist ohne ausdr\u00fcckliche Zustimmung des Autors nicht gestattet.<\/p>\n<p>4. Rechtswirksamkeit dieses Haftungsausschlusses<br \/>\nDieser Haftungsausschluss ist als Teil des Internetangebotes zu betrachten, von dem aus auf diese Seite verwiesen wurde. Sofern Teile oder einzelne Formulierungen dieses Textes der geltenden Rechtslage nicht, nicht mehr oder nicht vollst\u00e4ndig entsprechen sollten, bleiben die \u00fcbrigen Teile des Dokumentes in ihrem Inhalt und ihrer G\u00fcltigkeit.<\/td>\n<\/tr>\n<\/tbody>\n<\/table>\n","protected":false},"excerpt":{"rendered":"<p>IMPRESSUM Rolf Weiss Silberhecke 45a 44265 Dortmund \/ Germany Inhaber Rolf Wei\u00df Umsatzsteuer ID: DE288273141 Verantwortlich gem\u00e4\u00df \u00a7 5 TMG und DSGVO: Rolf Weiss www.windual.com info@windual.com winDual\u00ae ist eingetragener Markenname Datenschutzerkl\u00e4rung Wir erheben, verwenden und speichern Ihre personenbezogenen Daten ausschlie\u00dflich im Rahmen der Bestimmungen des Bundesdatenschutzgesetzes der Bundesrepublik Deutschland. Nachfolgend unterrichten wir Sie \u00fcber Art,&hellip;<\/p>\n","protected":false},"author":1,"featured_media":0,"parent":199,"menu_order":0,"comment_status":"closed","ping_status":"closed","template":"","meta":[],"_links":{"self":[{"href":"https:\/\/windual.com\/index.php\/wp-json\/wp\/v2\/pages\/244"}],"collection":[{"href":"https:\/\/windual.com\/index.php\/wp-json\/wp\/v2\/pages"}],"about":[{"href":"https:\/\/windual.com\/index.php\/wp-json\/wp\/v2\/types\/page"}],"author":[{"embeddable":true,"href":"https:\/\/windual.com\/index.php\/wp-json\/wp\/v2\/users\/1"}],"replies":[{"embeddable":true,"href":"https:\/\/windual.com\/index.php\/wp-json\/wp\/v2\/comments?post=244"}],"version-history":[{"count":18,"href":"https:\/\/windual.com\/index.php\/wp-json\/wp\/v2\/pages\/244\/revisions"}],"predecessor-version":[{"id":3609,"href":"https:\/\/windual.com\/index.php\/wp-json\/wp\/v2\/pages\/244\/revisions\/3609"}],"up":[{"embeddable":true,"href":"https:\/\/windual.com\/index.php\/wp-json\/wp\/v2\/pages\/199"}],"wp:attachment":[{"href":"https:\/\/windual.com\/index.php\/wp-json\/wp\/v2\/media?parent=244"}],"curies":[{"name":"wp","href":"https:\/\/api.w.org\/{rel}","templated":true}]}}