{"id":52,"date":"2018-01-23T19:14:34","date_gmt":"2018-01-23T18:14:34","guid":{"rendered":"http:\/\/windual.com\/?page_id=52"},"modified":"2024-01-01T16:58:36","modified_gmt":"2024-01-01T15:58:36","slug":"windkraftanlage-10kw","status":"publish","type":"page","link":"https:\/\/windual.com\/index.php\/windkraftanlagen\/windkraftanlage-10kw\/","title":{"rendered":"Ab einem Jahresverbrauch von 40.000 kWh"},"content":{"rendered":"<div id=\"pl-52\"  class=\"panel-layout\" ><div id=\"pg-52-0\"  class=\"panel-grid panel-no-style\" ><div id=\"pgc-52-0-0\"  class=\"panel-grid-cell\" ><div id=\"panel-52-0-0-0\" class=\"so-panel widget widget_sow-editor panel-first-child panel-last-child\" data-index=\"0\" ><div class=\"so-widget-sow-editor so-widget-sow-editor-base\">\n<div class=\"siteorigin-widget-tinymce textwidget\">\n\t<h2><span style=\"color: #0000ff;\">1. Schwachwindanlage TN535 mit Zertifizierung<br \/><\/span><\/h2>\n<p><strong>Mehr als 200 Anlagen in Betrieb! <br \/>Erste Anlagen dieser Technik laufen erfolgreich seit 2002!<br \/>Durch unabh\u00e4ngige dritte Partei vermessene und zertifizierte Dauertestpr\u00fcfung, Leistungskurve und Jahresertr\u00e4ge:<br \/><\/strong><\/p>\n<p><strong>Nennleistung<\/strong><strong> 10 kW bereits ab 7,5 m\/s!<\/strong><br \/> <strong> Jahresertrag gem\u00e4\u00df Zertifizierungsbedingungen *:<\/strong><br \/> bei 5,0 m\/s:\u00a0\u00a0\u00a0 37.360 kWh<br \/>bei 4,0 m\/s: \u00a0\u00a0 24.590 kWh<br \/>bei 6,0 m\/s:\u00a0\u00a0\u00a0 47.240 kWh<strong><br \/><\/strong><\/p>\n<p>Referenzanlagen zur Besichtigung in ganz Deutschland auf Anfrage.<\/p>\n<p><strong>Gutes Preis-Leistung-Verh\u00e4ltnis und Anlagensicherheit durch:<\/strong><\/p>\n<ol>\n<li>Wie bei modernen Gro\u00dfwindanlagen f\u00fcr Schwachwindgebiete:<br \/>Im Verh\u00e4ltnis zur Nennleistung extra gro\u00dfer Rotordurchmesser 13,2 m, entspr. 136,7 m\u00b2 \u00fcberstrichener Rotorfl\u00e4che!<br \/> Denn auf die \u00fcberstrichene Rotor-\"Ernte\"-Fl\u00e4che kommt es prim\u00e4r beim Ertrag von Windkraftanlagen an!!!<\/li>\n<li>Wie bei modernen Gro\u00dfwindanlagen:<br \/>Moderne Antriebstechnik mit Permanentmagnet Synchron-Generator: Drehzahlvariabel mit aktiver Steuerung.<br \/>Vorteile: <br \/>1. Leise auf Grund niedriger Drehzahl bei niedriger Windgeschwindigkeit<br \/>2. H\u00f6herer Ertrag durch fr\u00fcheren Anlauf im Vergleich zu Asynchronanlagen<br \/>3. Individuelle aktive Anpassung der Steuerung an die Wind- und Standortbedingungen<br \/>4. Hausnetz-Einspeisung \u00fcber Netz-Wechselrichter: Einfache, optionale Realisierung eines Inselsystems mit Batterien.<\/li>\n<li>Wie bei modernen Gro\u00dfwindanlagen:<br \/>Aktive Rotorblattverstellung und aktive Windnachf\u00fchrung<br \/>Hohe Sturm- und Betriebssicherheit<\/li>\n<li>Weitere Unterschiede und deren Auswirkung auf den Wirkungsgrad finden Sie unter <a href=\"http:\/\/windual.com\/index.php\/windkraftanlagen\/allgemein\/\">Allgemeines<\/a><\/li>\n<\/ol>\n<p><b>Vergleichen Sie die Jahresertr\u00e4ge mit denen anderer Anlagen mit zertifizierter Leistungskurve.<br \/> <\/b> Beispiel: Gem\u00e4\u00df Zertifizierung hat diese Anlage bei 4,0 m\/s 50% und bei 5,0 m\/s 35%\u00a0mehr Ertrag im Vergleich zu einer 10 kW-Windkraftanlage mit \u00e4hnlich gro\u00dfem Rotordurchmesser, jedoch mit zwei Rotorbl\u00e4ttern, Asynchrongenerator und Getriebe!<\/p>\n<p><img decoding=\"async\" class=\"aligncenter\" src=\"http:\/\/windkraft-anlagen.com\/images\/wind-turbine-rotor.jpg\" alt=\"horizontale Windanlagen mit 10kW, 15kW, 30kW, 50kW Windr\u00e4der, Windenergieanlage\" width=\"300\" \/><\/p>\n<p style=\"text-align: center;\"><span style=\"color: #800000;\"><strong>\u00a0<\/strong><\/span><\/p>\n<p><center><a href=\"http:\/\/www.youtube.com\/watch?v=jOXmQpqBi_8\" target=\"_blank\" rel=\"noopener\">Videolink Windkraftanlage TN535 auf 18m Nabenh\u00f6he<\/a><\/center><\/p>\n<p style=\"text-align: center;\"><a href=\"http:\/\/windkraft-anlagen.com\/pdf\/winDual-Windkraftanlage-10kW.pdf\" target=\"_blank\" rel=\"noopener\">Download Datenblatt Windkraftanlage TN535<\/a><br \/> Datenvolumen ca. 2MB<\/p>\n<p><b> Die TN535 wurde vom Germanischen Lloyd gem\u00e4\u00df der Unternormen der Europ\u00e4ischen Norm IEC 61400 zertifiziert:<\/b><\/p>\n<ul>\n<li>Vermessene Leistungskurve und gepr\u00fcfte Ertragswerte<\/li>\n<li>Schall-Gutachten<\/li>\n<li>Dauertest im Testfeld an der Nordseek\u00fcste: Die Anlage war w\u00e4hrend der Zertifizierung direkt an der Nordseek\u00fcste u.a. dem Sturm \"Christian\" ausgesetzt und \u00fcberstand diesen ohne Probleme.<\/li>\n<\/ul>\n<p>Diese umfangreiche Zertifizierung garantiert Ihnen maximale Sicherheit hinsichtlich Genehmigung, Ertrag und Betrieb.<br \/> Zus\u00e4tzlicher Vorteil ist die einfachere und <em>g\u00fcnstigere Versicherung<\/em>.<br \/>Eine deutsche, <em>typengepr\u00fcfte Statik<\/em> f\u00fcr den 24 m Mast vereinfacht und beschleunigt die Genehmigung!<\/p>\n<p><b>Hauptmerkmale<\/b><\/p>\n<ul>\n<li>Nennleistung bereits ab ca. 7,5 m\/s<\/li>\n<li>Aktive Pitch-Rotorblattwinkelverstellung<\/li>\n<li>Aktive Windnachf\u00fchrung<\/li>\n<li>Gro\u00dfer Rotordurchmesser mit 13,2 m, entspricht einer \u00fcberstrichenen Rotorfl\u00e4che von 137 m\u00b2<\/li>\n<li>Redundantes System zur Drehzahlbegrenzung und Sturmsicherung<\/li>\n<li>Synchrongenerator und Wechselrichter aus Gro\u00dfserien, g\u00fcnstig und langfristig verf\u00fcgbar<\/li>\n<li>Generatorwechsel u.U. m\u00f6glich ohne Kran! G\u00fcnstig in alpinen und sonstigen, abgelegenen Standorten<\/li>\n<li>Router zur Fern\u00fcberwachung via Internet<\/li>\n<\/ul>\n<p><b>Freistehende Rohrmasten, Nabenh\u00f6hen 15 m, 18 m, 24 m (30 m) <\/b><\/p>\n<p>Vorteile der AKTIVEN Pitch-Rotorblattverstellung:<\/p>\n<ul>\n<li>Leistungsoptimierte Geschwindigkeitsregelung<\/li>\n<li>Hohe Effizienz \u00fcber einen breiten Windgeschwindigkeitsbereich<\/li>\n<li>Schonende Sturmsicherung<\/li>\n<li>Geringere Kr\u00e4fte, dadurch u.a. verl\u00e4ngerte Lebensdauer aller Komponenten<\/li>\n<li>H\u00f6herer Ertrag<\/li>\n<\/ul>\n<p><span style=\"color: #0000ff;\"><strong>\u00dcberzeugen Sie sich selbst. Gerne zeigen wir Ihnen unsere Referenzanlagen.<\/strong><\/span><\/p>\n<hr \/>\n<\/div>\n<\/div><\/div><\/div><div id=\"pgc-52-0-1\"  class=\"panel-grid-cell\" ><div id=\"panel-52-0-1-0\" class=\"so-panel widget widget_sow-image panel-first-child\" data-index=\"1\" ><div class=\"so-widget-sow-image so-widget-sow-image-default-d6014b76747a-52\">\n\n<div class=\"sow-image-container\">\n\t\t<img src=\"https:\/\/windual.com\/wp-content\/uploads\/2018\/04\/windual-windkraftanlage-10-kW-e1524032662546.jpg\" width=\"300\" height=\"450\" sizes=\"(max-width: 300px) 100vw, 300px\" title=\"windual-windkraftanlage-10-kW\" alt=\"\" loading=\"lazy\" \t\tclass=\"so-widget-image\"\/>\n\t<\/div>\n\n<\/div><\/div><div id=\"panel-52-0-1-1\" class=\"so-panel widget widget_media_image\" data-index=\"2\" ><img width=\"300\" height=\"225\" src=\"https:\/\/windual.com\/wp-content\/uploads\/2016\/03\/Windkraftanlage-30kW-300x225.jpg\" class=\"image wp-image-80  attachment-medium size-medium\" alt=\"\" decoding=\"async\" loading=\"lazy\" style=\"max-width: 100%; height: auto;\" srcset=\"https:\/\/windual.com\/wp-content\/uploads\/2016\/03\/Windkraftanlage-30kW-300x225.jpg 300w, https:\/\/windual.com\/wp-content\/uploads\/2016\/03\/Windkraftanlage-30kW-768x576.jpg 768w, https:\/\/windual.com\/wp-content\/uploads\/2016\/03\/Windkraftanlage-30kW.jpg 780w\" sizes=\"(max-width: 300px) 100vw, 300px\" \/><\/div><div id=\"panel-52-0-1-2\" class=\"so-panel widget widget_media_image\" data-index=\"3\" ><img width=\"300\" height=\"225\" src=\"https:\/\/windual.com\/wp-content\/uploads\/2018\/02\/kleine-Windkraftanlage-Eigenstromversorgung-300x225.jpg\" class=\"image wp-image-607  attachment-medium size-medium\" alt=\"\" decoding=\"async\" loading=\"lazy\" style=\"max-width: 100%; height: auto;\" srcset=\"https:\/\/windual.com\/wp-content\/uploads\/2018\/02\/kleine-Windkraftanlage-Eigenstromversorgung-300x225.jpg 300w, https:\/\/windual.com\/wp-content\/uploads\/2018\/02\/kleine-Windkraftanlage-Eigenstromversorgung.jpg 640w\" sizes=\"(max-width: 300px) 100vw, 300px\" \/><\/div><div id=\"panel-52-0-1-3\" class=\"so-panel widget widget_media_image\" data-index=\"4\" ><img width=\"300\" height=\"200\" src=\"https:\/\/windual.com\/wp-content\/uploads\/2016\/01\/TN535-windrad-10kW-300x200.jpg\" class=\"image wp-image-7  attachment-medium size-medium\" alt=\"\" decoding=\"async\" loading=\"lazy\" style=\"max-width: 100%; height: auto;\" srcset=\"https:\/\/windual.com\/wp-content\/uploads\/2016\/01\/TN535-windrad-10kW-300x200.jpg 300w, https:\/\/windual.com\/wp-content\/uploads\/2016\/01\/TN535-windrad-10kW-1024x683.jpg 1024w, https:\/\/windual.com\/wp-content\/uploads\/2016\/01\/TN535-windrad-10kW-600x400.jpg 600w, https:\/\/windual.com\/wp-content\/uploads\/2016\/01\/TN535-windrad-10kW.jpg 1181w\" sizes=\"(max-width: 300px) 100vw, 300px\" \/><\/div><div id=\"panel-52-0-1-4\" class=\"so-panel widget widget_media_image\" data-index=\"5\" ><img width=\"300\" height=\"200\" src=\"https:\/\/windual.com\/wp-content\/uploads\/2016\/01\/TN535-windturbine-30kW-300x200.jpg\" class=\"image wp-image-8  attachment-medium size-medium\" alt=\"\" decoding=\"async\" loading=\"lazy\" style=\"max-width: 100%; height: auto;\" srcset=\"https:\/\/windual.com\/wp-content\/uploads\/2016\/01\/TN535-windturbine-30kW-300x200.jpg 300w, https:\/\/windual.com\/wp-content\/uploads\/2016\/01\/TN535-windturbine-30kW.jpg 591w\" sizes=\"(max-width: 300px) 100vw, 300px\" \/><\/div><div id=\"panel-52-0-1-5\" class=\"so-panel widget widget_media_image\" data-index=\"6\" ><img width=\"300\" height=\"199\" src=\"https:\/\/windual.com\/wp-content\/uploads\/2016\/01\/TN535-Windkraftanlage-3x-300x199.jpg\" class=\"image wp-image-6  attachment-medium size-medium\" alt=\"\" decoding=\"async\" loading=\"lazy\" style=\"max-width: 100%; height: auto;\" srcset=\"https:\/\/windual.com\/wp-content\/uploads\/2016\/01\/TN535-Windkraftanlage-3x-300x199.jpg 300w, https:\/\/windual.com\/wp-content\/uploads\/2016\/01\/TN535-Windkraftanlage-3x.jpg 591w\" sizes=\"(max-width: 300px) 100vw, 300px\" \/><\/div><div id=\"panel-52-0-1-6\" class=\"so-panel widget widget_media_image panel-last-child\" data-index=\"7\" ><img width=\"300\" height=\"207\" src=\"https:\/\/windual.com\/wp-content\/uploads\/2016\/03\/wind-turbine-solar-photovoltaic-300x207.jpg\" class=\"image wp-image-69  attachment-medium size-medium\" alt=\"\" decoding=\"async\" loading=\"lazy\" style=\"max-width: 100%; height: auto;\" srcset=\"https:\/\/windual.com\/wp-content\/uploads\/2016\/03\/wind-turbine-solar-photovoltaic-300x207.jpg 300w, https:\/\/windual.com\/wp-content\/uploads\/2016\/03\/wind-turbine-solar-photovoltaic.jpg 533w\" sizes=\"(max-width: 300px) 100vw, 300px\" \/><\/div><\/div><\/div><\/div>","protected":false},"excerpt":{"rendered":"<p>1. Schwachwindanlage TN535 mit Zertifizierung Mehr als 200 Anlagen in Betrieb! Erste Anlagen dieser Technik laufen erfolgreich seit 2002!Durch unabh\u00e4ngige dritte Partei vermessene und zertifizierte Dauertestpr\u00fcfung, Leistungskurve und Jahresertr\u00e4ge: Nennleistung 10 kW bereits ab 7,5 m\/s! Jahresertrag gem\u00e4\u00df Zertifizierungsbedingungen *: bei 5,0 m\/s:\u00a0\u00a0\u00a0 37.360 kWhbei 4,0 m\/s: \u00a0\u00a0 24.590 kWhbei 6,0 m\/s:\u00a0\u00a0\u00a0 47.240 kWh Referenzanlagen&hellip;<\/p>\n","protected":false},"author":1,"featured_media":0,"parent":99,"menu_order":2,"comment_status":"closed","ping_status":"closed","template":"","meta":[],"_links":{"self":[{"href":"https:\/\/windual.com\/index.php\/wp-json\/wp\/v2\/pages\/52"}],"collection":[{"href":"https:\/\/windual.com\/index.php\/wp-json\/wp\/v2\/pages"}],"about":[{"href":"https:\/\/windual.com\/index.php\/wp-json\/wp\/v2\/types\/page"}],"author":[{"embeddable":true,"href":"https:\/\/windual.com\/index.php\/wp-json\/wp\/v2\/users\/1"}],"replies":[{"embeddable":true,"href":"https:\/\/windual.com\/index.php\/wp-json\/wp\/v2\/comments?post=52"}],"version-history":[{"count":69,"href":"https:\/\/windual.com\/index.php\/wp-json\/wp\/v2\/pages\/52\/revisions"}],"predecessor-version":[{"id":3656,"href":"https:\/\/windual.com\/index.php\/wp-json\/wp\/v2\/pages\/52\/revisions\/3656"}],"up":[{"embeddable":true,"href":"https:\/\/windual.com\/index.php\/wp-json\/wp\/v2\/pages\/99"}],"wp:attachment":[{"href":"https:\/\/windual.com\/index.php\/wp-json\/wp\/v2\/media?parent=52"}],"curies":[{"name":"wp","href":"https:\/\/api.w.org\/{rel}","templated":true}]}}