{"id":873,"date":"2018-05-01T16:31:24","date_gmt":"2018-05-01T14:31:24","guid":{"rendered":"http:\/\/windual.com\/?page_id=873"},"modified":"2018-05-07T13:43:25","modified_gmt":"2018-05-07T11:43:25","slug":"hybrid-system","status":"publish","type":"page","link":"https:\/\/windual.com\/index.php\/windkraftanlagen\/hybrid-system\/","title":{"rendered":"Hybrid-System"},"content":{"rendered":"<div id=\"pl-873\"  class=\"panel-layout\" ><div id=\"pg-873-0\"  class=\"panel-grid panel-no-style\" ><div id=\"pgc-873-0-0\"  class=\"panel-grid-cell\" ><div id=\"panel-873-0-0-0\" class=\"so-panel widget widget_sow-editor panel-first-child panel-last-child\" data-index=\"0\" ><div class=\"so-widget-sow-editor so-widget-sow-editor-base\">\n<div class=\"siteorigin-widget-tinymce textwidget\">\n\t<h3><span style=\"color: #0000ff;\">Hybrid Systeme von 5 kW bis \u00fcber 1.000 kW<\/span><\/h3>\n<p><strong>Hauptanwendungen sind dezentrale Energieversorgungen f\u00fcr:<\/strong><\/p>\n<ol>\n<li>Mobilfunkstationen<\/li>\n<li>Inselsysteme ohne Stromversorgung<br \/>\nz.B. D\u00f6rfer in Entwicklungsl\u00e4ndern<\/li>\n<li>Mobile Systeme, u.a. f\u00fcr Milit\u00e4r<\/li>\n<li>Energie- und Wasserversorger<\/li>\n<li>Erh\u00f6hung der Versorgungssicherheit bei instabilen Netzen<\/li>\n<li>Erg\u00e4nzung zu vorhandenen Diesel-Generatoren<\/li>\n<\/ol>\n<p>Hybrid-Energie-Systeme bestehen aus mindestens zwei Energieerzeugern und einem Batteriespeicher:<\/p>\n<ul>\n<li>Windkraftanlage(n) + Solaranlage(n)<\/li>\n<li>Windkraftanlage(n) + Dieselgenerator(en) + Solaranlage(n)<\/li>\n<li>Solaranlage(n) + Dieselgenerator(en)<\/li>\n<\/ul>\n<p><strong>Hauptkriterien f\u00fcr die Konfiguration des Systems:<\/strong><\/p>\n<ol>\n<li>Standortbedingungen<\/li>\n<li>Windbedingungen<\/li>\n<li>Sonneneinstrahlung<\/li>\n<li>Anwendung<\/li>\n<li>Netzparallel-Betrieb oder netzautarker Betrieb<\/li>\n<li>Lastgang der Verbraucher<\/li>\n<\/ol>\n<p>Die Systeme k\u00f6nnen modular auf- und -ausgebaut werden.<br \/>\nDie Auslegung erfolgt anwendungsspezifisch.<\/p>\n<p><span style=\"color: #ff0000;\"><strong>Diese Unterseite ist im Aufbau.<\/strong><\/span><br \/>\nBitte kontaktieren Sie uns und schildern Sie uns Ihren Anwendungsfall.<\/p>\n<\/div>\n<\/div><\/div><\/div><div id=\"pgc-873-0-1\"  class=\"panel-grid-cell\" ><div id=\"panel-873-0-1-0\" class=\"so-panel widget widget_sow-image panel-first-child\" data-index=\"1\" ><div class=\"so-widget-sow-image so-widget-sow-image-default-d6014b76747a-873\">\n\n<div class=\"sow-image-container\">\n\t\t<img src=\"https:\/\/windual.com\/wp-content\/uploads\/2018\/05\/windual-off-grid-hybrid-system.jpg\" width=\"450\" height=\"253\" srcset=\"https:\/\/windual.com\/wp-content\/uploads\/2018\/05\/windual-off-grid-hybrid-system.jpg 450w, https:\/\/windual.com\/wp-content\/uploads\/2018\/05\/windual-off-grid-hybrid-system-300x169.jpg 300w\" sizes=\"(max-width: 450px) 100vw, 450px\" alt=\"\" loading=\"lazy\" \t\tclass=\"so-widget-image\"\/>\n\t<\/div>\n\n<\/div><\/div><div id=\"panel-873-0-1-1\" class=\"so-panel widget widget_sow-image\" data-index=\"2\" ><div class=\"so-widget-sow-image so-widget-sow-image-default-d6014b76747a-873\">\n\n<div class=\"sow-image-container\">\n\t\t<img src=\"https:\/\/windual.com\/wp-content\/uploads\/2018\/05\/wind-turbine-5-kW-e1525187078814.jpg\" width=\"450\" height=\"338\" sizes=\"(max-width: 450px) 100vw, 450px\" title=\"wind-turbine-5-kW\" alt=\"\" loading=\"lazy\" \t\tclass=\"so-widget-image\"\/>\n\t<\/div>\n\n<\/div><\/div><div id=\"panel-873-0-1-2\" class=\"so-panel widget widget_sow-image\" data-index=\"3\" ><div class=\"so-widget-sow-image so-widget-sow-image-default-d6014b76747a-873\">\n\n<div class=\"sow-image-container\">\n\t\t<img src=\"https:\/\/windual.com\/wp-content\/uploads\/2018\/05\/wind-turbine-5-kW-e1525187129714.gif\" width=\"322\" height=\"188\" sizes=\"(max-width: 322px) 100vw, 322px\" title=\"wind-turbine-5-kW\" alt=\"\" loading=\"lazy\" \t\tclass=\"so-widget-image\"\/>\n\t<\/div>\n\n<\/div><\/div><div id=\"panel-873-0-1-3\" class=\"so-panel widget widget_sow-image panel-last-child\" data-index=\"4\" ><div class=\"so-widget-sow-image so-widget-sow-image-default-d6014b76747a-873\">\n\n<div class=\"sow-image-container\">\n\t\t<img src=\"https:\/\/windual.com\/wp-content\/uploads\/2018\/04\/wind-turbine-hybrid-system.jpg\" width=\"365\" height=\"491\" srcset=\"https:\/\/windual.com\/wp-content\/uploads\/2018\/04\/wind-turbine-hybrid-system.jpg 365w, https:\/\/windual.com\/wp-content\/uploads\/2018\/04\/wind-turbine-hybrid-system-223x300.jpg 223w\" sizes=\"(max-width: 365px) 100vw, 365px\" alt=\"\" loading=\"lazy\" \t\tclass=\"so-widget-image\"\/>\n\t<\/div>\n\n<\/div><\/div><\/div><\/div><\/div>","protected":false},"excerpt":{"rendered":"<p>Hybrid Systeme von 5 kW bis \u00fcber 1.000 kW Hauptanwendungen sind dezentrale Energieversorgungen f\u00fcr: Mobilfunkstationen Inselsysteme ohne Stromversorgung z.B. D\u00f6rfer in Entwicklungsl\u00e4ndern Mobile Systeme, u.a. f\u00fcr Milit\u00e4r Energie- und Wasserversorger Erh\u00f6hung der Versorgungssicherheit bei instabilen Netzen Erg\u00e4nzung zu vorhandenen Diesel-Generatoren Hybrid-Energie-Systeme bestehen aus mindestens zwei Energieerzeugern und einem Batteriespeicher: Windkraftanlage(n) + Solaranlage(n) Windkraftanlage(n) + Dieselgenerator(en)&hellip;<\/p>\n","protected":false},"author":1,"featured_media":0,"parent":99,"menu_order":6,"comment_status":"closed","ping_status":"closed","template":"","meta":[],"_links":{"self":[{"href":"https:\/\/windual.com\/index.php\/wp-json\/wp\/v2\/pages\/873"}],"collection":[{"href":"https:\/\/windual.com\/index.php\/wp-json\/wp\/v2\/pages"}],"about":[{"href":"https:\/\/windual.com\/index.php\/wp-json\/wp\/v2\/types\/page"}],"author":[{"embeddable":true,"href":"https:\/\/windual.com\/index.php\/wp-json\/wp\/v2\/users\/1"}],"replies":[{"embeddable":true,"href":"https:\/\/windual.com\/index.php\/wp-json\/wp\/v2\/comments?post=873"}],"version-history":[{"count":19,"href":"https:\/\/windual.com\/index.php\/wp-json\/wp\/v2\/pages\/873\/revisions"}],"predecessor-version":[{"id":969,"href":"https:\/\/windual.com\/index.php\/wp-json\/wp\/v2\/pages\/873\/revisions\/969"}],"up":[{"embeddable":true,"href":"https:\/\/windual.com\/index.php\/wp-json\/wp\/v2\/pages\/99"}],"wp:attachment":[{"href":"https:\/\/windual.com\/index.php\/wp-json\/wp\/v2\/media?parent=873"}],"curies":[{"name":"wp","href":"https:\/\/api.w.org\/{rel}","templated":true}]}}