{"id":935,"date":"2018-05-01T22:14:36","date_gmt":"2018-05-01T20:14:36","guid":{"rendered":"http:\/\/windual.com\/?page_id=935"},"modified":"2018-05-01T22:14:36","modified_gmt":"2018-05-01T20:14:36","slug":"40-to-130000-kwh","status":"publish","type":"page","link":"https:\/\/windual.com\/index.php\/en\/40-to-130000-kwh\/","title":{"rendered":"40 to 130,000 kWh"},"content":{"rendered":"<div id=\"pl-935\"  class=\"panel-layout\" ><div id=\"pg-935-0\"  class=\"panel-grid panel-no-style\" ><div id=\"pgc-935-0-0\"  class=\"panel-grid-cell\" ><div id=\"panel-935-0-0-0\" class=\"so-panel widget widget_sow-editor panel-first-child panel-last-child\" data-index=\"0\" ><div class=\"so-widget-sow-editor so-widget-sow-editor-base\">\n<div class=\"siteorigin-widget-tinymce textwidget\">\n\t<h3><strong>H\u00f6here Wirtschaftlichkeit durch g\u00fcnstigeres Preis-Ertrag-Verh\u00e4ltnis.<\/strong><\/h3>\n<h5>Nutzen Sie den maximalen Jahresertrag und die niedrigsten Stromgestehungskosten an Ihrem Standort.<\/h5>\n<h4><span style=\"color: #0000ff;\">1. Windkraftanlage TN20 mit 20 kW<\/span><\/h4>\n<p><b>mit zwei verschiedenen Rotorgr\u00f6\u00dfen f\u00fcr verschiedene Wind- und Standortbedingungen!<\/b><\/p>\n<p>1. <strong>F\u00fcr alle Gebiete:<\/strong> Mit Rotordurchmesser 15,9 m, \u00fcberstrichener Rotorfl\u00e4che 200 m\u00b2, <br \/>\u00a0\u00a0\u00a0 entsprechend der maximalen Rotorgr\u00f6\u00dfe f\u00fcr kleine Windkraftanlage.<br \/>\u00a0\u00a0\u00a0 Jahresertrag (zertifiziert): bei 5 m\/s: 64.278 kWh, bei 6 m\/s: 84.612 kWh<\/p>\n<p>2. <strong>F\u00fcr Schwachwindgebiete:<\/strong> Mit Rotordurchmesser 19,0 m, \u00fcberstrichener Rotorfl\u00e4che 283 m\u00b2.<br \/>\u00a0\u00a0\u00a0 Jahresertrag (Zert. 1.HJ 2018): bei 5 m\/s: 80.000 kWh, bei 6 m\/s: 99.000 kWh<\/p>\n<p>Im Vergleich dazu hat eine 30 kW Windkraftanlage mit nur 13,1 m Rotordurchmesser (ca. 135 m\u00b2) bei 5,0 m\/s nur einen Jahresertrag von ca. 50.000 kWh *.<\/p>\n<p>Stahlrohrmasten mit Nabenh\u00f6he 22 m: Gesamth\u00f6he 30 m mit kleinem Rotor.<br \/> Weitere Nabenh\u00f6hen: 24 m oder 30 m.<\/p>\n<p><strong>Hauptmerkmale<\/strong><\/p>\n<ul>\n<li>Nennleistung bereits ab ca. 7 m\/s<\/li>\n<li>Hoher Ertrag auch bei niedriger Windgeschwindigkeit, teilweise h\u00f6her als von 50 kW Anlagen!<\/li>\n<li>Sturmsicherung durch aktive Pitch-Rotorblattverstellung<\/li>\n<li>Zwei unabh\u00e4ngige Bremssysteme: Rotorblatt-Verstellung und Scheibenbremse<\/li>\n<li>PM-Generator aus Gro\u00dfserienproduktion. Im Vergleich zu Anlagen mit Direktantrieb:<br \/> Langfristige und g\u00fcnstige Verf\u00fcgbarkeit, einfacher Austausch ohne kompletter Demontage<\/li>\n<li>Getriebe aus Gro\u00dfserie<\/li>\n<li>Separate Lagerung<\/li>\n<li>Router zur Fern\u00fcberwachung<\/li>\n<\/ul>\n<p><img decoding=\"async\" loading=\"lazy\" src=\"http:\/\/windkraft-anlagen.com\/images\/border.jpg\" width=\"600\" height=\"1\" align=\"middle\" \/><\/p>\n<h4><span style=\"color: #0000ff;\">2. Windkraftanlage 30K mit 30 kW<\/span><\/h4>\n<p><b>mit zwei verschiedenen Rotorgr\u00f6\u00dfen f\u00fcr verschiedene Wind- und Standortbedingungen!<\/b><\/p>\n<p>1. <strong>F\u00fcr alle Gebiete:<\/strong> Mit Rotordurchmesser 15,9 m, \u00fcberstrichener Rotorfl\u00e4che 200<b> <\/b>m\u00b2, <br \/>entsprechend der maximalen Rotorgr\u00f6\u00dfe f\u00fcr kleine Windkraftanlage.<br \/>Jahresertrag: Vorl\u00e4ufige Prognosen: (Ergebnisse der Zertifizierung im Laufe des 1. HJ 2018)<b>:<\/b><br \/>bei 5 m\/s: 80.000 kWh, bei 6 m\/s: 103.000 kWh<\/p>\n<p>2. <strong>F\u00fcr Schwachwindgebiete:<\/strong> Mit Rotordurchmesser 19,0 m, \u00fcberstrichener Rotorfl\u00e4che 283 m\u00b2.<br \/>Jahresertrag: Vorl\u00e4ufige Prognosen (Ergebnisse der Zertifizierung im Laufe des 1. HJ 2018)<b>:<\/b><br \/> bei 5 m\/s: ca. 100.000 kWh, bei 6 m\/s: 130.000 kWh<\/p>\n<p><b>Hauptmerkmale:<\/b><\/p>\n<ul>\n<li>Direktantrieb<\/li>\n<li>Hohe Sturmsicherheit durch aktive Rotorblattverstellung (Pitch)<\/li>\n<li>Zweites Bremssystem mit Scheibenbremse<\/li>\n<li>Entwickelt und gefertigt in Deutschland, <br \/>durch ehemalige, leitende Mitarbeiter eines Herstellers von Gro\u00dfwindanlagen.<\/li>\n<\/ul>\n<p>Stahlrohrmasten mit Nabenh\u00f6he 22 m: Gesamth\u00f6he 30 m mit kleinem Rotor,<br \/> Weitere Masten f\u00fcr Nabenh\u00f6hen 33,5 m und 42 m.<\/p>\n<p><b><a href=\"http:\/\/windual.com\/index.php\/kontakt\/\"> Anfrage<\/a><br \/> <\/b><\/p>\n<p>* Alle Ertragsangaben gem\u00e4\u00df Windbedingungen der Zertifzierungsnorm. Herstellerangaben. Ohne Gew\u00e4hr.<\/p>\n<\/div>\n<\/div><\/div><\/div><div id=\"pgc-935-0-1\"  class=\"panel-grid-cell\" ><div id=\"panel-935-0-1-0\" class=\"so-panel widget widget_media_image panel-first-child panel-last-child\" data-index=\"1\" ><img width=\"300\" height=\"533\" src=\"https:\/\/windual.com\/wp-content\/uploads\/2018\/01\/winDual-wind-turbine-20kW-e1516719862574.jpg\" class=\"image wp-image-140  attachment-full size-full\" alt=\"\" decoding=\"async\" loading=\"lazy\" style=\"max-width: 100%; height: auto;\" \/><\/div><\/div><\/div><\/div>","protected":false},"excerpt":{"rendered":"<p>H\u00f6here Wirtschaftlichkeit durch g\u00fcnstigeres Preis-Ertrag-Verh\u00e4ltnis. Nutzen Sie den maximalen Jahresertrag und die niedrigsten Stromgestehungskosten an Ihrem Standort. 1. Windkraftanlage TN20 mit 20 kW mit zwei verschiedenen Rotorgr\u00f6\u00dfen f\u00fcr verschiedene Wind- und Standortbedingungen! 1. F\u00fcr alle Gebiete: Mit Rotordurchmesser 15,9 m, \u00fcberstrichener Rotorfl\u00e4che 200 m\u00b2, \u00a0\u00a0\u00a0 entsprechend der maximalen Rotorgr\u00f6\u00dfe f\u00fcr kleine Windkraftanlage.\u00a0\u00a0\u00a0 Jahresertrag (zertifiziert): bei&hellip;<\/p>\n","protected":false},"author":1,"featured_media":0,"parent":0,"menu_order":3,"comment_status":"closed","ping_status":"closed","template":"","meta":[],"_links":{"self":[{"href":"https:\/\/windual.com\/index.php\/wp-json\/wp\/v2\/pages\/935"}],"collection":[{"href":"https:\/\/windual.com\/index.php\/wp-json\/wp\/v2\/pages"}],"about":[{"href":"https:\/\/windual.com\/index.php\/wp-json\/wp\/v2\/types\/page"}],"author":[{"embeddable":true,"href":"https:\/\/windual.com\/index.php\/wp-json\/wp\/v2\/users\/1"}],"replies":[{"embeddable":true,"href":"https:\/\/windual.com\/index.php\/wp-json\/wp\/v2\/comments?post=935"}],"version-history":[{"count":2,"href":"https:\/\/windual.com\/index.php\/wp-json\/wp\/v2\/pages\/935\/revisions"}],"predecessor-version":[{"id":937,"href":"https:\/\/windual.com\/index.php\/wp-json\/wp\/v2\/pages\/935\/revisions\/937"}],"wp:attachment":[{"href":"https:\/\/windual.com\/index.php\/wp-json\/wp\/v2\/media?parent=935"}],"curies":[{"name":"wp","href":"https:\/\/api.w.org\/{rel}","templated":true}]}}